{"id":1019,"date":"2023-01-24T16:30:36","date_gmt":"2023-01-24T15:30:36","guid":{"rendered":"https:\/\/sbo-win.de\/?page_id=1019"},"modified":"2023-01-24T16:30:37","modified_gmt":"2023-01-24T15:30:37","slug":"datenschutzerklaerung","status":"publish","type":"page","link":"https:\/\/sbo-win.de\/index.php\/datenschutzerklaerung\/","title":{"rendered":"Datenschutzerkl\u00e4rung"},"content":{"rendered":"\n<h2 class=\"wp-block-heading\">Allgemeine Datenschutzerkl\u00e4rung<\/h2>\n\n\n\n<p>Wir, die Stadt Winnenden (im Folgenden \u201cwir\/unser(e)&#8220;), nehmen den Schutz Ihrer pers\u00f6nlichen Daten sehr&nbsp;ernst und halten uns streng an alle geltenden Gesetze und Vorschriften zum Datenschutz, insbesondere an die Datenschutzgrundverordnung, (DSGVO), das Bundesdatenschutzgesetz (BDSG) und das Telemediengesetz (TMG). Die folgenden Erl\u00e4uterungen geben Ihnen einen \u00dcberblick dar\u00fcber, wie wir diesen Schutz sicherstellen und welche Daten wir zu welchem Zweck verarbeiten.<\/p>\n\n\n\n<h2 class=\"wp-block-heading\">1. Nutzungsdaten<\/h2>\n\n\n\n<p>Bei jedem Zugriff auf unsere Webseite und bei jedem Abruf einer Datei, werden automatisch \u00fcber diesen Vorgang allgemeine Daten in einer Protokolldatei gespeichert. Die Speicherung dient ausschlie\u00dflich systembezogenen und statistischen Zwecken (auf Grundlage von Art. 6 Abs. 1 Buchst. b) DSGVO), sowie in Ausnahmef\u00e4llen zur Anzeige von Straftaten (auf Grundlage von Art. 6 Abs. 1 Buchst. e) DSGVO).<\/p>\n\n\n\n<p>Eine Weitergabe der Daten an Dritte oder eine sonstige Auswertung findet nicht statt, es sei denn, es besteht eine gesetzliche Verpflichtung dazu (Art. 6 Abs. 1 Buchst. e) DSGVO).<\/p>\n\n\n\n<p>Im Einzelnen wird \u00fcber jeden Abruf folgender Datensatz gespeichert:<\/p>\n\n\n\n<p><\/p>\n\n\n\n<p>Name der abgerufenen Datei<br>Datum und Uhrzeit des Abrufs<br>\u00fcbertragene Datenmenge<br>Meldung, ob der Abruf erfolgreich war<br>Beschreibung des Typs des verwendeten Webbrowsers verwendetes Betriebssystem&nbsp;<br>die zuvor besuchte Seite&nbsp;<br>Provider&nbsp;<br>Ihre IP-Adresse<\/p>\n\n\n\n<p><\/p>\n\n\n\n<p><\/p>\n\n\n\n<h2 class=\"wp-block-heading\">2. Personenbezogene Daten<\/h2>\n\n\n\n<p>Personenbezogene Daten werden von uns nur dann verarbeitet, wenn uns dies gesetzlich gestattet ist, oder Sie uns Ihre Einwilligung erteilt haben.<\/p>\n\n\n\n<p>Im Einzelnen: Kontakt<\/p>\n\n\n\n<p>Wenn Sie mit uns in Kontakt treten, speichern wir Ihre Daten auf Grundlage von Art. 6 Abs. 1 Buchst. b) DSGVO zum Zwecke der Bearbeitung Ihrer Anfrage, sowie f\u00fcr den Fall, dass eine weitere Korrespondenz stattfinden sollte.<\/p>\n\n\n\n<h2 class=\"wp-block-heading\">3. Cookies<\/h2>\n\n\n\n<p>Wir setzen in einigen Bereichen unserer Webseite sogenannte Cookies ein. Durch solche Dateielemente kann Ihr Computer als technische Einheit w\u00e4hrend Ihres Besuchs auf dieser Webseite identifiziert werden, um Ihnen die Verwendung unseres Angebotes&nbsp;\u2013&nbsp;auch bei Wiederholungsbesuchen&nbsp;\u2013&nbsp;zu erleichtern.<\/p>\n\n\n\n<p>Sie haben aber in der Regel die M\u00f6glichkeit, Ihren Internetbrowser so einzustellen, dass Sie \u00fcber das Auftreten von Cookies informiert werden, so dass Sie diese zulassen oder ausschlie\u00dfen, beziehungsweise bereits vorhandene Cookies l\u00f6schen k\u00f6nnen.<\/p>\n\n\n\n<p>Bitte verwenden Sie die Hilfefunktion Ihres Internetbrowsers, um Informationen zu der \u00c4nderung dieser Einstellungen zu erlangen. Wir weisen darauf hin, dass einzelne Funktionen unserer Webseite m\u00f6glicherweise nicht funktionieren, wenn Sie die Verwendung von Cookies deaktiviert haben.<\/p>\n\n\n\n<p>Cookies erlauben nicht, dass ein Server private Daten von Ihrem Computer oder die von einem anderen Server abgelegten Daten lesen kann. Sie richten auf Ihrem Rechner keinen Schaden an und enthalten keine Viren.<\/p>\n\n\n\n<p>Wir st\u00fctzen den Einsatz von Cookies auf Art. 6 Abs. 1 Buchst. f) DSGVO: die Verarbeitung erfolgt zur Verbesserung der Funktionsweise unserer Webseite. Sie ist daher zur Wahrung unserer berechtigten Interessen erforderlich.<\/p>\n\n\n\n<h2 class=\"wp-block-heading\">4. Verwendung des Analyse-Tools &#8222;Matomo&#8220; (bisher als &#8222;Piwik&#8220; bekannt)<\/h2>\n\n\n\n<p>Unsere Webseite benutzt Matomo (https:\/\/matomo.org\/), eine Open-Source-Software zur Analyse der Besucherzugriffe auf die eigene Webseite. Matomo verwendet sogenannte Cookies, Textdateien, die auf Ihren Computern gespeichert werden und die eine Analyse der Benutzung der Webseite durch sie erm\u00f6glichen. Die durch den Cookie erzeugten Informationen \u00fcber die Benutzung dieser Webseite werden auf unseren Servern in Deutschland gespeichert und nicht an Dritte weitergegeben. Ihre IP-Adresse wird sofort nach der Verarbeitung und vor deren Speicherung anonymisiert.<\/p>\n\n\n\n<p>Sie k\u00f6nnen die Installation der Cookies durch eine entsprechende Einstellung Ihres Browsers verhindern; wir weisen Sie jedoch darauf hin, dass Sie in diesem Fall gegebenenfalls nicht alle Funktionen unserer Webseite vollumf\u00e4nglich werden nutzen k\u00f6nnen.<\/p>\n\n\n\n<p>Sie k\u00f6nnen der Verwendung Ihrer Daten durch Matomo auch widersprechen, indem sie von der nachfolgenden dargestellten M\u00f6glichkeit Gebrauch machen:<\/p>\n\n\n\n<p>Dabei wird auf Ihrem Browser ein Cookie gespeichert, der lediglich die Information enth\u00e4lt, dass \u00fcber Sie durch Matomo keinerlei Daten erhoben werden d\u00fcrfen. Zuvor bereits abgelegte Cookies werden dann gel\u00f6scht. Sollten Sie jedoch einmal s\u00e4mtliche Cookies in Ihrem Browser l\u00f6schen, m\u00fcssen Sie der Verwendung Ihrer Daten ggf. erneut widersprechen.<\/p>\n\n\n\n<p>Sie k\u00f6nnen sich hier entscheiden, ob in Ihrem Browser ein eindeutiger Webanalyse-Cookie abgelegt werden darf, um uns die Erfassung und Analyse verschiedener statistischer Daten zu erm\u00f6glichen. Wenn Sie sich dagegen entscheiden m\u00f6chten, k\u00f6nnen Sie durch Klicken des folgenden Links den Matomo- Deaktivierungs-Cookie in Ihrem Browser ablegen.<\/p>\n\n\n\n<p>Klicken Sie&nbsp;hier, damit Ihr Besuch nicht mehr erfasst wird.<\/p>\n\n\n\n<p>Wir st\u00fctzen den Einsatz des vorgenannten Analyse-Tools auf Art. 6 Abs. 1 Buchst. f) DSGVO: die Verarbeitung erfolgt zur Analyse des Nutzungsverhaltens und ist daher zur Wahrung unserer berechtigten Interessen erforderlich.<\/p>\n\n\n\n<h2 class=\"wp-block-heading\">5. Verwendung von Google Maps und OpenStreet Map <\/h2>\n\n\n\n<p><strong>a. Verwendung von Google Maps<\/strong><\/p>\n\n\n\n<p>Auf unserer Webseite benutzen wir Google Maps, um f\u00fcr Sie den Anfahrtsweg darzustellen und Ihnen die Planung der Anfahrt zu vereinfachen.<\/p>\n\n\n\n<p>Auch hierbei greifen wir auf Dienste der Google Ireland Limited, Gordon House, Barrow Street, Dublin 4, Irland zur\u00fcck.<\/p>\n\n\n\n<p>Dazu l\u00e4dt beim Aufrufen unserer Seite Ihr Browser die ben\u00f6tigten Informationen vom Google-Server in den USA in ihren Browsercache. Dies ist notwendig damit auch Ihr Browser eine optisch verbesserte Darstellung unserer Texte anzeigen kann, bzw. die Karte auf unserer Webseite dargestellt wird.<\/p>\n\n\n\n<p>Hierdurch wird an den Google-Server \u00fcbermittelt, welche unserer Internetseiten Sie besucht haben. Auch wird Ihre IP-Adresse von Google gespeichert.<\/p>\n\n\n\n<p>Weitergehende Informationen zu Google Maps finden sie unter https:\/\/www.google.com\/intl\/de_de\/help\/terms_maps.html<\/p>\n\n\n\n<p>Allgemeine Informationen zum Thema Datenschutz bei Google finden sie unter www.google.com\/policies\/privacy\/<\/p>\n\n\n\n<p><strong>b. Verwendung von OpenStreetMap<\/strong><\/p>\n\n\n\n<p>Wir verwenden auf unserer Webseite einen Kartenausschnitt von OpenStreetMap (https:\/\/www.openstreetmap.de\/), um f\u00fcr Sie den Anfahrtsweg zu uns darzustellen und Ihnen die Planung der Anfahrt zu vereinfachen.<\/p>\n\n\n\n<p>Bei OpenStreetMap handelt es sich um ein Open-Source-Mapping-Werkzeug. Damit Ihnen die Karte angezeigt werden kann, wird Ihre IP-Adresse an OpenStreetMap weitergeleitet. Wie OpenStreetMap Ihre Daten speichert, k\u00f6nnen Sie auf der Datenschutzseite von OpenStreetMap hier https:\/\/wiki.openstreetmap.org\/wiki\/DE:Datenschutz und hier https:\/\/wiki.openstreetmap.org\/wiki\/DE:Legal_FAQ einsehen.<\/p>\n\n\n\n<h2 class=\"wp-block-heading\">6. Verwendung der Social Plugins von YouTube<\/h2>\n\n\n\n<p>Unsere Webseite verweist durch Links zudem auf die Seite des sozialen Netzwerkes YouTube. Wir betreiben auch hier eine Social Media Seite. Wenn Sie auf einen Link zu YouTube klicken, werden Sie auf die jeweilige externe Seite bei YouTube weitergeleitet. Sind Sie zudem als Mitglied bei YouTube eingeloggt, kann der Betreiber, die YouTube LLC, 901 Cherry Ave., San Bruno, CA 94066 USA Ihren Besuch auf unserer Seite Ihrem jeweiligen Nutzer-Account zuordnen. Hierbei weisen wir darauf hin, dass die YouTube LLC zum Konzernverbund der Google LLC, 1600 Amphitheatre Parkway, Mountain View, CA 94043, USA geh\u00f6rt.<\/p>\n\n\n\n<p>Wenn Sie nicht m\u00f6chten, dass YouTube \u00fcber Ihren Besuch auf unserer Internetseite Daten sammelt und speichert, m\u00fcssen Sie sich vor dem Klick auf den Link aus Ihrem YouTube-Account ausloggen.<\/p>\n\n\n\n<p>Zweck und Umfang der Datenerhebung und die weitere Verarbeitung und Nutzung Ihrer Daten durch YouTube entnehmen Sie bitte der entsprechenden Datenschutzerkl\u00e4rung, die Sie hier finden: http:\/\/www.google.de\/intl\/de\/policies\/privacy\/<\/p>\n\n\n\n<p>Wir st\u00fctzen den Einsatz von YouTube auf Art. 6 Abs. 1 Buchst. a) DSGVO. Mit Bet\u00e4tigung des Links unter gleichzeitiger Anmeldung bei YouTube erteilen Sie uns Ihre Einwilligung zur Datenverarbeitung. Jedenfalls ist die Datenverarbeitung nach Art. 6 Abs. 1 Buchst. f) DSGVO zul\u00e4ssig; mit Bet\u00e4tigung des Links unter gleichzeitiger Anmeldung im jeweiligen Sozialen Netzwerk erfolgt die Datenverarbeitung zu Werbezwecken und liegt daher in unserem berechtigten Interesse.<\/p>\n\n\n\n<h2 class=\"wp-block-heading\">7. Dauer der Speicherung<\/h2>\n\n\n\n<p>Wir speichern Ihre Daten so lange, wie es f\u00fcr eine abschlie\u00dfende Bearbeitung Ihres Anliegens notwendig ist. Die \u00fcber das Analyse-Tool &#8222;Matomo&#8220; erhobenen Statistikdaten werden bereits bei der Erhebung anonymisiert und die Ergebnisse l\u00e4ngstens 2 Jahre gespeichert.<\/p>\n\n\n\n<p>Ausgenommen hiervon sind Daten, f\u00fcr die gesetzliche oder anderweitig vorgeschriebene Aufbewahrungspflichten bestehen; diese werden f\u00fcr die Dauer der jeweiligen Aufbewahrungsfrist gespeichert und im Anschluss routinem\u00e4\u00dfig gel\u00f6scht.<\/p>\n\n\n\n<h2 class=\"wp-block-heading\">8. Betroffenenrechte<\/h2>\n\n\n\n<p><strong>a. Auskunftsrecht<\/strong><\/p>\n\n\n\n<p>Sie haben das Recht, von uns eine Best\u00e4tigung dar\u00fcber zu verlangen, ob Sie betreffende personenbezogene Daten verarbeitet werden. Senden Sie hierf\u00fcr bitte einfach eine E-Mail an datenschutz@winnenden.de.<\/p>\n\n\n\n<p><strong>b. Berichtigung\/L\u00f6schung\/Einschr\u00e4nkung der Verarbeitung<\/strong><\/p>\n\n\n\n<p>Des Weiteren haben Sie das Recht, von uns zu verlangen, dass<\/p>\n\n\n\n<p>Sie betreffende unrichtige personenbezogene Daten unverz\u00fcglich berichtigt werden (Recht auf Berichtigung);<\/p>\n\n\n\n<p>Sie betreffende personenbezogene Daten unverz\u00fcglich gel\u00f6scht werden (Recht auf L\u00f6schung) und die Verarbeitung eingeschr\u00e4nkt wird (Recht auf Einschr\u00e4nken der Verarbeitung).<br>Senden Sie hierf\u00fcr bitte einfach eine E-Mail an datenschutz@winnenden.de.<\/p>\n\n\n\n<p><strong>c. Recht auf Daten\u00fcbertragbarkeit<\/strong><\/p>\n\n\n\n<p>Sie haben das Recht, Sie betreffende personenbezogene Daten, die Sie uns bereitgestellt haben, in einem strukturierten, g\u00e4ngigen und maschinenlesbaren Format zu erhalten und diese Daten einem anderen Verantwortlichen zu \u00fcbermitteln.<\/p>\n\n\n\n<p>Senden Sie hierf\u00fcr bitte einfach eine E-Mail an datenschutz@winnenden.de.<\/p>\n\n\n\n<p><strong>d. Widerrufsrecht<\/strong><\/p>\n\n\n\n<p>Sie haben das Recht, Ihre Einwilligung jederzeit zu widerrufen. Durch den Widerruf der Einwilligung wird die Rechtm\u00e4\u00dfigkeit der aufgrund der Einwilligung bis zum Widerruf erfolgten Verarbeitung nicht ber\u00fchrt.<\/p>\n\n\n\n<p>Senden Sie hierf\u00fcr bitte einfach eine E-Mail an datenschutz@winnenden.de.<\/p>\n\n\n\n<p><strong>e. Widerspruchsrecht<\/strong><\/p>\n\n\n\n<p>Ist die Verarbeitung Sie betreffender personenbezogener Daten f\u00fcr die Wahrnehmung einer Aufgabe, die im \u00f6ffentlichen Interesse liegt (Art. 6 Abs. 1 Buchst. e) DSGVO) oder zur Wahrung unserer berechtigten Interessen (Art. 6 Abs. 1 Buchst. f) DSGVO) erforderlich, steht Ihnen ein Widerspruchsrecht zu.<\/p>\n\n\n\n<p>Senden Sie hierf\u00fcr bitte einfach eine E-Mail an datenschutz@winnenden.de.<\/p>\n\n\n\n<p><strong>f. Beschwerderecht<\/strong><\/p>\n\n\n\n<p>Sind Sie der Ansicht, dass die Verarbeitung der Sie betreffenden personenbezogenen Daten gegen die DSGVO verst\u00f6\u00dft, haben Sie unbeschadet anderweitiger Rechtsbehelfe das Recht auf Beschwerde bei einer Aufsichtsbeh\u00f6rde.<\/p>\n\n\n\n<h2 class=\"wp-block-heading\">9. Unser Datenschutzbeauftragter<\/h2>\n\n\n\n<p>Beh\u00f6rdliche Datenschutzbeauftragte<br>Issadri Str\u00f6bele<br>Stadtverwaltung Winnenden, Hauptamt <br>Torstra\u00dfe 10, 71364 Winnenden<br>Tel: 07195 13-208<br>E-Mail: datenschutz@winnenden.de<\/p>\n\n\n\n<h2 class=\"wp-block-heading\">10. Sicherheit<\/h2>\n\n\n\n<p>F\u00fcr die Sicherheit Ihrer Daten verwenden wir modernste Internettechnologien. W\u00e4hrend des Onlineanfrageprozesses sind Ihre Angaben mit einer SSL-Verschl\u00fcsselung gesichert. F\u00fcr eine sichere Speicherung Ihrer Daten werden unsere Systeme durch Firewalls gesch\u00fctzt, die unberechtigte Zugriffe von au\u00dfen verhindern.<\/p>\n\n\n\n<h2 class=\"wp-block-heading\"><\/h2>\n\n\n\n<p><\/p>\n","protected":false},"excerpt":{"rendered":"<p>Allgemeine Datenschutzerkl\u00e4rung Wir, die Stadt Winnenden (im Folgenden \u201cwir\/unser(e)&#8220;), nehmen den Schutz Ihrer pers\u00f6nlichen Daten sehr&nbsp;ernst und halten uns streng an alle geltenden Gesetze und Vorschriften zum Datenschutz, insbesondere an die Datenschutzgrundverordnung, (DSGVO), das Bundesdatenschutzgesetz (BDSG) und das Telemediengesetz (TMG). Die folgenden Erl\u00e4uterungen geben Ihnen einen \u00dcberblick dar\u00fcber, wie wir diesen Schutz sicherstellen und welche&hellip;&nbsp;<a href=\"https:\/\/sbo-win.de\/index.php\/datenschutzerklaerung\/\" class=\"\" rel=\"bookmark\">Weiterlesen &raquo;<span class=\"screen-reader-text\">Datenschutzerkl\u00e4rung<\/span><\/a><\/p>\n","protected":false},"author":2,"featured_media":0,"parent":0,"menu_order":0,"comment_status":"closed","ping_status":"closed","template":"","meta":{"neve_meta_sidebar":"","neve_meta_container":"","neve_meta_enable_content_width":"","neve_meta_content_width":0,"neve_meta_title_alignment":"","neve_meta_author_avatar":"","neve_post_elements_order":"","neve_meta_disable_header":"","neve_meta_disable_footer":"","neve_meta_disable_title":"","_themeisle_gutenberg_block_has_review":false,"footnotes":""},"class_list":["post-1019","page","type-page","status-publish","hentry"],"yoast_head":"<!-- This site is optimized with the Yoast SEO plugin v27.5 - https:\/\/yoast.com\/product\/yoast-seo-wordpress\/ -->\n<title>Datenschutzerkl\u00e4rung - St\u00e4dtisches BlasOrchester Winnenden<\/title>\n<meta name=\"robots\" content=\"index, follow, max-snippet:-1, max-image-preview:large, max-video-preview:-1\" \/>\n<link rel=\"canonical\" href=\"https:\/\/sbo-win.de\/index.php\/datenschutzerklaerung\/\" \/>\n<meta property=\"og:locale\" content=\"de_DE\" \/>\n<meta property=\"og:type\" content=\"article\" \/>\n<meta property=\"og:title\" content=\"Datenschutzerkl\u00e4rung - St\u00e4dtisches BlasOrchester Winnenden\" \/>\n<meta property=\"og:description\" content=\"Allgemeine Datenschutzerkl\u00e4rung Wir, die Stadt Winnenden (im Folgenden \u201cwir\/unser(e)&#8220;), nehmen den Schutz Ihrer pers\u00f6nlichen Daten sehr&nbsp;ernst und halten uns streng an alle geltenden Gesetze und Vorschriften zum Datenschutz, insbesondere an die Datenschutzgrundverordnung, (DSGVO), das Bundesdatenschutzgesetz (BDSG) und das Telemediengesetz (TMG). Die folgenden Erl\u00e4uterungen geben Ihnen einen \u00dcberblick dar\u00fcber, wie wir diesen Schutz sicherstellen und welche&hellip;&nbsp;Weiterlesen &raquo;Datenschutzerkl\u00e4rung\" \/>\n<meta property=\"og:url\" content=\"https:\/\/sbo-win.de\/index.php\/datenschutzerklaerung\/\" \/>\n<meta property=\"og:site_name\" content=\"St\u00e4dtisches BlasOrchester Winnenden\" \/>\n<meta property=\"article:modified_time\" content=\"2023-01-24T15:30:37+00:00\" \/>\n<meta name=\"twitter:card\" content=\"summary_large_image\" \/>\n<meta name=\"twitter:label1\" content=\"Gesch\u00e4tzte Lesezeit\" \/>\n\t<meta name=\"twitter:data1\" content=\"9\u00a0Minuten\" \/>\n<script type=\"application\/ld+json\" class=\"yoast-schema-graph\">{\"@context\":\"https:\\\/\\\/schema.org\",\"@graph\":[{\"@type\":\"WebPage\",\"@id\":\"https:\\\/\\\/sbo-win.de\\\/index.php\\\/datenschutzerklaerung\\\/\",\"url\":\"https:\\\/\\\/sbo-win.de\\\/index.php\\\/datenschutzerklaerung\\\/\",\"name\":\"Datenschutzerkl\u00e4rung - St\u00e4dtisches BlasOrchester Winnenden\",\"isPartOf\":{\"@id\":\"https:\\\/\\\/sbo-win.de\\\/#website\"},\"datePublished\":\"2023-01-24T15:30:36+00:00\",\"dateModified\":\"2023-01-24T15:30:37+00:00\",\"breadcrumb\":{\"@id\":\"https:\\\/\\\/sbo-win.de\\\/index.php\\\/datenschutzerklaerung\\\/#breadcrumb\"},\"inLanguage\":\"de\",\"potentialAction\":[{\"@type\":\"ReadAction\",\"target\":[\"https:\\\/\\\/sbo-win.de\\\/index.php\\\/datenschutzerklaerung\\\/\"]}]},{\"@type\":\"BreadcrumbList\",\"@id\":\"https:\\\/\\\/sbo-win.de\\\/index.php\\\/datenschutzerklaerung\\\/#breadcrumb\",\"itemListElement\":[{\"@type\":\"ListItem\",\"position\":1,\"name\":\"Startseite\",\"item\":\"https:\\\/\\\/sbo-win.de\\\/\"},{\"@type\":\"ListItem\",\"position\":2,\"name\":\"Datenschutzerkl\u00e4rung\"}]},{\"@type\":\"WebSite\",\"@id\":\"https:\\\/\\\/sbo-win.de\\\/#website\",\"url\":\"https:\\\/\\\/sbo-win.de\\\/\",\"name\":\"St\u00e4dtisches BlasOrchester Winnenden\",\"description\":\"Alle wichtigen Informationen zu unserer Musik\",\"publisher\":{\"@id\":\"https:\\\/\\\/sbo-win.de\\\/#organization\"},\"potentialAction\":[{\"@type\":\"SearchAction\",\"target\":{\"@type\":\"EntryPoint\",\"urlTemplate\":\"https:\\\/\\\/sbo-win.de\\\/?s={search_term_string}\"},\"query-input\":{\"@type\":\"PropertyValueSpecification\",\"valueRequired\":true,\"valueName\":\"search_term_string\"}}],\"inLanguage\":\"de\"},{\"@type\":\"Organization\",\"@id\":\"https:\\\/\\\/sbo-win.de\\\/#organization\",\"name\":\"St\u00e4dtisches BlasOrchester Winnenden\",\"url\":\"https:\\\/\\\/sbo-win.de\\\/\",\"logo\":{\"@type\":\"ImageObject\",\"inLanguage\":\"de\",\"@id\":\"https:\\\/\\\/sbo-win.de\\\/#\\\/schema\\\/logo\\\/image\\\/\",\"url\":\"https:\\\/\\\/sbo-win.de\\\/wp-content\\\/uploads\\\/2022\\\/08\\\/cropped-WIN_Logo_SB_SZ_S.jpg\",\"contentUrl\":\"https:\\\/\\\/sbo-win.de\\\/wp-content\\\/uploads\\\/2022\\\/08\\\/cropped-WIN_Logo_SB_SZ_S.jpg\",\"width\":200,\"height\":138,\"caption\":\"St\u00e4dtisches BlasOrchester Winnenden\"},\"image\":{\"@id\":\"https:\\\/\\\/sbo-win.de\\\/#\\\/schema\\\/logo\\\/image\\\/\"}}]}<\/script>\n<!-- \/ Yoast SEO plugin. -->","yoast_head_json":{"title":"Datenschutzerkl\u00e4rung - St\u00e4dtisches BlasOrchester Winnenden","robots":{"index":"index","follow":"follow","max-snippet":"max-snippet:-1","max-image-preview":"max-image-preview:large","max-video-preview":"max-video-preview:-1"},"canonical":"https:\/\/sbo-win.de\/index.php\/datenschutzerklaerung\/","og_locale":"de_DE","og_type":"article","og_title":"Datenschutzerkl\u00e4rung - St\u00e4dtisches BlasOrchester Winnenden","og_description":"Allgemeine Datenschutzerkl\u00e4rung Wir, die Stadt Winnenden (im Folgenden \u201cwir\/unser(e)&#8220;), nehmen den Schutz Ihrer pers\u00f6nlichen Daten sehr&nbsp;ernst und halten uns streng an alle geltenden Gesetze und Vorschriften zum Datenschutz, insbesondere an die Datenschutzgrundverordnung, (DSGVO), das Bundesdatenschutzgesetz (BDSG) und das Telemediengesetz (TMG). Die folgenden Erl\u00e4uterungen geben Ihnen einen \u00dcberblick dar\u00fcber, wie wir diesen Schutz sicherstellen und welche&hellip;&nbsp;Weiterlesen &raquo;Datenschutzerkl\u00e4rung","og_url":"https:\/\/sbo-win.de\/index.php\/datenschutzerklaerung\/","og_site_name":"St\u00e4dtisches BlasOrchester Winnenden","article_modified_time":"2023-01-24T15:30:37+00:00","twitter_card":"summary_large_image","twitter_misc":{"Gesch\u00e4tzte Lesezeit":"9\u00a0Minuten"},"schema":{"@context":"https:\/\/schema.org","@graph":[{"@type":"WebPage","@id":"https:\/\/sbo-win.de\/index.php\/datenschutzerklaerung\/","url":"https:\/\/sbo-win.de\/index.php\/datenschutzerklaerung\/","name":"Datenschutzerkl\u00e4rung - St\u00e4dtisches BlasOrchester Winnenden","isPartOf":{"@id":"https:\/\/sbo-win.de\/#website"},"datePublished":"2023-01-24T15:30:36+00:00","dateModified":"2023-01-24T15:30:37+00:00","breadcrumb":{"@id":"https:\/\/sbo-win.de\/index.php\/datenschutzerklaerung\/#breadcrumb"},"inLanguage":"de","potentialAction":[{"@type":"ReadAction","target":["https:\/\/sbo-win.de\/index.php\/datenschutzerklaerung\/"]}]},{"@type":"BreadcrumbList","@id":"https:\/\/sbo-win.de\/index.php\/datenschutzerklaerung\/#breadcrumb","itemListElement":[{"@type":"ListItem","position":1,"name":"Startseite","item":"https:\/\/sbo-win.de\/"},{"@type":"ListItem","position":2,"name":"Datenschutzerkl\u00e4rung"}]},{"@type":"WebSite","@id":"https:\/\/sbo-win.de\/#website","url":"https:\/\/sbo-win.de\/","name":"St\u00e4dtisches BlasOrchester Winnenden","description":"Alle wichtigen Informationen zu unserer Musik","publisher":{"@id":"https:\/\/sbo-win.de\/#organization"},"potentialAction":[{"@type":"SearchAction","target":{"@type":"EntryPoint","urlTemplate":"https:\/\/sbo-win.de\/?s={search_term_string}"},"query-input":{"@type":"PropertyValueSpecification","valueRequired":true,"valueName":"search_term_string"}}],"inLanguage":"de"},{"@type":"Organization","@id":"https:\/\/sbo-win.de\/#organization","name":"St\u00e4dtisches BlasOrchester Winnenden","url":"https:\/\/sbo-win.de\/","logo":{"@type":"ImageObject","inLanguage":"de","@id":"https:\/\/sbo-win.de\/#\/schema\/logo\/image\/","url":"https:\/\/sbo-win.de\/wp-content\/uploads\/2022\/08\/cropped-WIN_Logo_SB_SZ_S.jpg","contentUrl":"https:\/\/sbo-win.de\/wp-content\/uploads\/2022\/08\/cropped-WIN_Logo_SB_SZ_S.jpg","width":200,"height":138,"caption":"St\u00e4dtisches BlasOrchester Winnenden"},"image":{"@id":"https:\/\/sbo-win.de\/#\/schema\/logo\/image\/"}}]}},"_links":{"self":[{"href":"https:\/\/sbo-win.de\/index.php\/wp-json\/wp\/v2\/pages\/1019","targetHints":{"allow":["GET"]}}],"collection":[{"href":"https:\/\/sbo-win.de\/index.php\/wp-json\/wp\/v2\/pages"}],"about":[{"href":"https:\/\/sbo-win.de\/index.php\/wp-json\/wp\/v2\/types\/page"}],"author":[{"embeddable":true,"href":"https:\/\/sbo-win.de\/index.php\/wp-json\/wp\/v2\/users\/2"}],"replies":[{"embeddable":true,"href":"https:\/\/sbo-win.de\/index.php\/wp-json\/wp\/v2\/comments?post=1019"}],"version-history":[{"count":4,"href":"https:\/\/sbo-win.de\/index.php\/wp-json\/wp\/v2\/pages\/1019\/revisions"}],"predecessor-version":[{"id":1023,"href":"https:\/\/sbo-win.de\/index.php\/wp-json\/wp\/v2\/pages\/1019\/revisions\/1023"}],"wp:attachment":[{"href":"https:\/\/sbo-win.de\/index.php\/wp-json\/wp\/v2\/media?parent=1019"}],"curies":[{"name":"wp","href":"https:\/\/api.w.org\/{rel}","templated":true}]}}