{"id":140,"date":"2020-02-26T09:19:09","date_gmt":"2020-02-26T09:19:09","guid":{"rendered":"https:\/\/demosites.io\/wedding-gb\/?page_id=140"},"modified":"2026-01-28T22:14:56","modified_gmt":"2026-01-28T21:14:56","slug":"8d92b-home","status":"publish","type":"page","link":"https:\/\/sbo-win.de\/","title":{"rendered":"Home"},"content":{"rendered":"\n<div id=\"wp-block-themeisle-blocks-advanced-columns-d74ed24b\" class=\"wp-block-themeisle-blocks-advanced-columns alignfull has-1-columns has-desktop-equal-layout has-tablet-equal-layout has-mobile-equal-layout has-vertical-unset ticss-acbda7a0\"><div class=\"wp-block-themeisle-blocks-advanced-columns-overlay\"><\/div><div class=\"innerblocks-wrap\">\n<div id=\"wp-block-themeisle-blocks-advanced-column-ce478e20\" class=\"wp-block-themeisle-blocks-advanced-column\"><\/div>\n<\/div><\/div>\n\n\n\n<div id=\"wp-block-themeisle-blocks-advanced-columns-9f4d9dd9\" class=\"wp-block-themeisle-blocks-advanced-columns alignfull has-1-columns has-desktop-equal-layout has-tablet-equal-layout has-mobile-equal-layout has-vertical-unset has-light-bg\"><div class=\"wp-block-themeisle-blocks-advanced-columns-overlay\"><\/div><div class=\"innerblocks-wrap\">\n<div id=\"wp-block-themeisle-blocks-advanced-column-f6aa8746\" class=\"wp-block-themeisle-blocks-advanced-column has-dark-bg\">\n<h2 id=\"wp-block-themeisle-blocks-advanced-heading-0fe50d4f\" class=\"wp-block-themeisle-blocks-advanced-heading wp-block-themeisle-blocks-advanced-heading-0fe50d4f\">St\u00e4dtisches BlasOrchester Winnenden<\/h2>\n<\/div>\n<\/div><\/div>\n\n\n\n<div class=\"wp-block-media-text alignwide has-media-on-the-right is-stacked-on-mobile\" style=\"grid-template-columns:auto 48%\"><div class=\"wp-block-media-text__content\">\n<p><\/p>\n\n\n\n<h3 class=\"wp-block-heading has-neve-link-color-color has-text-color\">Willkommen auf unserer Website<\/h3>\n\n\n\n<p>Herzlich begr\u00fc\u00dfen wir Sie auf der Website des St\u00e4dtischen BlasOrchesters Winnenden.<\/p>\n\n\n\n<p>Auf unseren Seiten finden Sie alle wichtigen Informationen zu unserer Musik und unseren Aufgaben. Wir laden Sie herzlich zum Mitspielen ein und freuen uns, wenn wir Sie in den Proben begr\u00fc\u00dfen k\u00f6nnen.<\/p>\n<\/div><figure class=\"wp-block-media-text__media\"><img decoding=\"async\" src=\"https:\/\/sbo-win.de\/wp-content\/uploads\/2022\/11\/DSC_7724-3-1024x678.jpg\" alt=\"\" class=\"wp-image-945 size-full\"\/><\/figure><\/div>\n\n\n\n<div style=\"height:100px\" aria-hidden=\"true\" class=\"wp-block-spacer\"><\/div>\n\n\n\n<div id=\"wp-block-themeisle-blocks-slider-2bcbf02a\" class=\"wp-block-themeisle-blocks-slider glide\" data-per-view=\"1\" data-gap=\"0\" data-peek=\"0\" data-autoplay=\"true\" data-height=\"400px\" data-hide-arrows=\"false\"><div class=\"glide__track\" data-glide-el=\"track\"><div class=\"glide__slides\"><div class=\"wp-block-themeisle-blocks-slider-item-wrapper glide__slide\" tabindex=\"0\"><figure><img decoding=\"async\" class=\"wp-block-themeisle-blocks-slider-item\" src=\"https:\/\/sbo-win.de\/wp-content\/uploads\/2026\/01\/bb_neujahrsempfang_winnenden_10-01-2026_98-1024x683.jpg\" alt=\"\" title=\"\" data-id=\"1351\"\/><figcaption>Neujahrsempfang der Stadt Winnenden, Hermann-Schwab-Halle, 10.01.2026.<\/figcaption><\/figure><\/div><div class=\"wp-block-themeisle-blocks-slider-item-wrapper glide__slide\" tabindex=\"0\"><figure><img decoding=\"async\" class=\"wp-block-themeisle-blocks-slider-item\" src=\"https:\/\/sbo-win.de\/wp-content\/uploads\/2022\/08\/Stadtorchester.001.2-scaled.jpg\" alt=\"\" title=\"\" data-id=\"419\"\/><\/figure><\/div><div class=\"wp-block-themeisle-blocks-slider-item-wrapper glide__slide\" tabindex=\"0\"><figure><img decoding=\"async\" class=\"wp-block-themeisle-blocks-slider-item\" src=\"https:\/\/sbo-win.de\/wp-content\/uploads\/2025\/06\/20250517_Symphonic-Dances_Winnenden-92-scaled.jpg\" alt=\"\" title=\"\" data-id=\"1236\"\/><\/figure><\/div><div class=\"wp-block-themeisle-blocks-slider-item-wrapper glide__slide\" tabindex=\"0\"><figure><img decoding=\"async\" class=\"wp-block-themeisle-blocks-slider-item\" src=\"https:\/\/sbo-win.de\/wp-content\/uploads\/2022\/11\/DSC_7741-3-scaled.jpg\" alt=\"\" title=\"\" data-id=\"943\"\/><\/figure><\/div><div class=\"wp-block-themeisle-blocks-slider-item-wrapper glide__slide\" tabindex=\"0\"><figure><img decoding=\"async\" class=\"wp-block-themeisle-blocks-slider-item\" src=\"https:\/\/sbo-win.de\/wp-content\/uploads\/2022\/08\/IMG_1391-scaled.jpg\" alt=\"\" title=\"\" data-id=\"388\"\/><\/figure><\/div><\/div><div class=\"glide__bullets\" data-glide-el=\"controls[nav]\"><button class=\"glide__bullet\" data-glide-dir=\"=0\"><\/button><button class=\"glide__bullet\" data-glide-dir=\"=1\"><\/button><button class=\"glide__bullet\" data-glide-dir=\"=2\"><\/button><button class=\"glide__bullet\" data-glide-dir=\"=3\"><\/button><button class=\"glide__bullet\" data-glide-dir=\"=4\"><\/button><\/div><\/div><\/div>\n\n\n\n<p><\/p>\n\n\n\n<div style=\"height:144px\" aria-hidden=\"true\" class=\"wp-block-spacer\"><\/div>\n","protected":false},"excerpt":{"rendered":"<p>Willkommen auf unserer Website Herzlich begr\u00fc\u00dfen wir Sie auf der Website des St\u00e4dtischen BlasOrchesters Winnenden. Auf unseren Seiten finden Sie alle wichtigen Informationen zu unserer Musik und unseren Aufgaben. Wir laden Sie herzlich zum Mitspielen ein und freuen uns, wenn wir Sie in den Proben begr\u00fc\u00dfen k\u00f6nnen.<\/p>\n","protected":false},"author":1,"featured_media":792,"parent":0,"menu_order":0,"comment_status":"closed","ping_status":"closed","template":"page-templates\/template-pagebuilder-full-width.php","meta":{"neve_meta_sidebar":"full-width","neve_meta_container":"","neve_meta_enable_content_width":"on","neve_meta_content_width":100,"neve_meta_title_alignment":"","neve_meta_author_avatar":"","neve_post_elements_order":"","neve_meta_disable_header":"","neve_meta_disable_footer":"","neve_meta_disable_title":"","_themeisle_gutenberg_block_has_review":false,"footnotes":""},"class_list":["post-140","page","type-page","status-publish","has-post-thumbnail","hentry"],"yoast_head":"<!-- This site is optimized with the Yoast SEO plugin v27.5 - https:\/\/yoast.com\/product\/yoast-seo-wordpress\/ -->\n<title>Home - St\u00e4dtisches BlasOrchester Winnenden<\/title>\n<meta name=\"robots\" content=\"index, follow, max-snippet:-1, max-image-preview:large, max-video-preview:-1\" \/>\n<link rel=\"canonical\" href=\"https:\/\/sbo-win.de\/\" \/>\n<meta property=\"og:locale\" content=\"de_DE\" \/>\n<meta property=\"og:type\" content=\"article\" \/>\n<meta property=\"og:title\" content=\"Home - St\u00e4dtisches BlasOrchester Winnenden\" \/>\n<meta property=\"og:description\" content=\"Willkommen auf unserer Website Herzlich begr\u00fc\u00dfen wir Sie auf der Website des St\u00e4dtischen BlasOrchesters Winnenden. Auf unseren Seiten finden Sie alle wichtigen Informationen zu unserer Musik und unseren Aufgaben. Wir laden Sie herzlich zum Mitspielen ein und freuen uns, wenn wir Sie in den Proben begr\u00fc\u00dfen k\u00f6nnen.\" \/>\n<meta property=\"og:url\" content=\"https:\/\/sbo-win.de\/\" \/>\n<meta property=\"og:site_name\" content=\"St\u00e4dtisches BlasOrchester Winnenden\" \/>\n<meta property=\"article:modified_time\" content=\"2026-01-28T21:14:56+00:00\" \/>\n<meta property=\"og:image\" content=\"https:\/\/sbo-win.de\/wp-content\/uploads\/2022\/08\/DSC_2529-1-scaled.jpg\" \/>\n\t<meta property=\"og:image:width\" content=\"2560\" \/>\n\t<meta property=\"og:image:height\" content=\"1707\" \/>\n\t<meta property=\"og:image:type\" content=\"image\/jpeg\" \/>\n<meta name=\"twitter:card\" content=\"summary_large_image\" \/>\n<meta name=\"twitter:label1\" content=\"Gesch\u00e4tzte Lesezeit\" \/>\n\t<meta name=\"twitter:data1\" content=\"2\u00a0Minuten\" \/>\n<script type=\"application\/ld+json\" class=\"yoast-schema-graph\">{\"@context\":\"https:\\\/\\\/schema.org\",\"@graph\":[{\"@type\":\"WebPage\",\"@id\":\"https:\\\/\\\/sbo-win.de\\\/\",\"url\":\"https:\\\/\\\/sbo-win.de\\\/\",\"name\":\"Home - St\u00e4dtisches BlasOrchester Winnenden\",\"isPartOf\":{\"@id\":\"https:\\\/\\\/sbo-win.de\\\/#website\"},\"primaryImageOfPage\":{\"@id\":\"https:\\\/\\\/sbo-win.de\\\/#primaryimage\"},\"image\":{\"@id\":\"https:\\\/\\\/sbo-win.de\\\/#primaryimage\"},\"thumbnailUrl\":\"https:\\\/\\\/sbo-win.de\\\/wp-content\\\/uploads\\\/2022\\\/08\\\/DSC_2529-1-scaled.jpg\",\"datePublished\":\"2020-02-26T09:19:09+00:00\",\"dateModified\":\"2026-01-28T21:14:56+00:00\",\"breadcrumb\":{\"@id\":\"https:\\\/\\\/sbo-win.de\\\/#breadcrumb\"},\"inLanguage\":\"de\",\"potentialAction\":[{\"@type\":\"ReadAction\",\"target\":[\"https:\\\/\\\/sbo-win.de\\\/\"]}]},{\"@type\":\"ImageObject\",\"inLanguage\":\"de\",\"@id\":\"https:\\\/\\\/sbo-win.de\\\/#primaryimage\",\"url\":\"https:\\\/\\\/sbo-win.de\\\/wp-content\\\/uploads\\\/2022\\\/08\\\/DSC_2529-1-scaled.jpg\",\"contentUrl\":\"https:\\\/\\\/sbo-win.de\\\/wp-content\\\/uploads\\\/2022\\\/08\\\/DSC_2529-1-scaled.jpg\",\"width\":2560,\"height\":1707},{\"@type\":\"BreadcrumbList\",\"@id\":\"https:\\\/\\\/sbo-win.de\\\/#breadcrumb\",\"itemListElement\":[{\"@type\":\"ListItem\",\"position\":1,\"name\":\"Startseite\",\"item\":\"https:\\\/\\\/sbo-win.de\\\/\"},{\"@type\":\"ListItem\",\"position\":2,\"name\":\"Home\"}]},{\"@type\":\"WebSite\",\"@id\":\"https:\\\/\\\/sbo-win.de\\\/#website\",\"url\":\"https:\\\/\\\/sbo-win.de\\\/\",\"name\":\"St\u00e4dtisches BlasOrchester Winnenden\",\"description\":\"Alle wichtigen Informationen zu unserer Musik\",\"publisher\":{\"@id\":\"https:\\\/\\\/sbo-win.de\\\/#organization\"},\"potentialAction\":[{\"@type\":\"SearchAction\",\"target\":{\"@type\":\"EntryPoint\",\"urlTemplate\":\"https:\\\/\\\/sbo-win.de\\\/?s={search_term_string}\"},\"query-input\":{\"@type\":\"PropertyValueSpecification\",\"valueRequired\":true,\"valueName\":\"search_term_string\"}}],\"inLanguage\":\"de\"},{\"@type\":\"Organization\",\"@id\":\"https:\\\/\\\/sbo-win.de\\\/#organization\",\"name\":\"St\u00e4dtisches BlasOrchester Winnenden\",\"url\":\"https:\\\/\\\/sbo-win.de\\\/\",\"logo\":{\"@type\":\"ImageObject\",\"inLanguage\":\"de\",\"@id\":\"https:\\\/\\\/sbo-win.de\\\/#\\\/schema\\\/logo\\\/image\\\/\",\"url\":\"https:\\\/\\\/sbo-win.de\\\/wp-content\\\/uploads\\\/2022\\\/08\\\/cropped-WIN_Logo_SB_SZ_S.jpg\",\"contentUrl\":\"https:\\\/\\\/sbo-win.de\\\/wp-content\\\/uploads\\\/2022\\\/08\\\/cropped-WIN_Logo_SB_SZ_S.jpg\",\"width\":200,\"height\":138,\"caption\":\"St\u00e4dtisches BlasOrchester Winnenden\"},\"image\":{\"@id\":\"https:\\\/\\\/sbo-win.de\\\/#\\\/schema\\\/logo\\\/image\\\/\"}}]}<\/script>\n<!-- \/ Yoast SEO plugin. -->","yoast_head_json":{"title":"Home - St\u00e4dtisches BlasOrchester Winnenden","robots":{"index":"index","follow":"follow","max-snippet":"max-snippet:-1","max-image-preview":"max-image-preview:large","max-video-preview":"max-video-preview:-1"},"canonical":"https:\/\/sbo-win.de\/","og_locale":"de_DE","og_type":"article","og_title":"Home - St\u00e4dtisches BlasOrchester Winnenden","og_description":"Willkommen auf unserer Website Herzlich begr\u00fc\u00dfen wir Sie auf der Website des St\u00e4dtischen BlasOrchesters Winnenden. Auf unseren Seiten finden Sie alle wichtigen Informationen zu unserer Musik und unseren Aufgaben. Wir laden Sie herzlich zum Mitspielen ein und freuen uns, wenn wir Sie in den Proben begr\u00fc\u00dfen k\u00f6nnen.","og_url":"https:\/\/sbo-win.de\/","og_site_name":"St\u00e4dtisches BlasOrchester Winnenden","article_modified_time":"2026-01-28T21:14:56+00:00","og_image":[{"width":2560,"height":1707,"url":"https:\/\/sbo-win.de\/wp-content\/uploads\/2022\/08\/DSC_2529-1-scaled.jpg","type":"image\/jpeg"}],"twitter_card":"summary_large_image","twitter_misc":{"Gesch\u00e4tzte Lesezeit":"2\u00a0Minuten"},"schema":{"@context":"https:\/\/schema.org","@graph":[{"@type":"WebPage","@id":"https:\/\/sbo-win.de\/","url":"https:\/\/sbo-win.de\/","name":"Home - St\u00e4dtisches BlasOrchester Winnenden","isPartOf":{"@id":"https:\/\/sbo-win.de\/#website"},"primaryImageOfPage":{"@id":"https:\/\/sbo-win.de\/#primaryimage"},"image":{"@id":"https:\/\/sbo-win.de\/#primaryimage"},"thumbnailUrl":"https:\/\/sbo-win.de\/wp-content\/uploads\/2022\/08\/DSC_2529-1-scaled.jpg","datePublished":"2020-02-26T09:19:09+00:00","dateModified":"2026-01-28T21:14:56+00:00","breadcrumb":{"@id":"https:\/\/sbo-win.de\/#breadcrumb"},"inLanguage":"de","potentialAction":[{"@type":"ReadAction","target":["https:\/\/sbo-win.de\/"]}]},{"@type":"ImageObject","inLanguage":"de","@id":"https:\/\/sbo-win.de\/#primaryimage","url":"https:\/\/sbo-win.de\/wp-content\/uploads\/2022\/08\/DSC_2529-1-scaled.jpg","contentUrl":"https:\/\/sbo-win.de\/wp-content\/uploads\/2022\/08\/DSC_2529-1-scaled.jpg","width":2560,"height":1707},{"@type":"BreadcrumbList","@id":"https:\/\/sbo-win.de\/#breadcrumb","itemListElement":[{"@type":"ListItem","position":1,"name":"Startseite","item":"https:\/\/sbo-win.de\/"},{"@type":"ListItem","position":2,"name":"Home"}]},{"@type":"WebSite","@id":"https:\/\/sbo-win.de\/#website","url":"https:\/\/sbo-win.de\/","name":"St\u00e4dtisches BlasOrchester Winnenden","description":"Alle wichtigen Informationen zu unserer Musik","publisher":{"@id":"https:\/\/sbo-win.de\/#organization"},"potentialAction":[{"@type":"SearchAction","target":{"@type":"EntryPoint","urlTemplate":"https:\/\/sbo-win.de\/?s={search_term_string}"},"query-input":{"@type":"PropertyValueSpecification","valueRequired":true,"valueName":"search_term_string"}}],"inLanguage":"de"},{"@type":"Organization","@id":"https:\/\/sbo-win.de\/#organization","name":"St\u00e4dtisches BlasOrchester Winnenden","url":"https:\/\/sbo-win.de\/","logo":{"@type":"ImageObject","inLanguage":"de","@id":"https:\/\/sbo-win.de\/#\/schema\/logo\/image\/","url":"https:\/\/sbo-win.de\/wp-content\/uploads\/2022\/08\/cropped-WIN_Logo_SB_SZ_S.jpg","contentUrl":"https:\/\/sbo-win.de\/wp-content\/uploads\/2022\/08\/cropped-WIN_Logo_SB_SZ_S.jpg","width":200,"height":138,"caption":"St\u00e4dtisches BlasOrchester Winnenden"},"image":{"@id":"https:\/\/sbo-win.de\/#\/schema\/logo\/image\/"}}]}},"_links":{"self":[{"href":"https:\/\/sbo-win.de\/index.php\/wp-json\/wp\/v2\/pages\/140","targetHints":{"allow":["GET"]}}],"collection":[{"href":"https:\/\/sbo-win.de\/index.php\/wp-json\/wp\/v2\/pages"}],"about":[{"href":"https:\/\/sbo-win.de\/index.php\/wp-json\/wp\/v2\/types\/page"}],"author":[{"embeddable":true,"href":"https:\/\/sbo-win.de\/index.php\/wp-json\/wp\/v2\/users\/1"}],"replies":[{"embeddable":true,"href":"https:\/\/sbo-win.de\/index.php\/wp-json\/wp\/v2\/comments?post=140"}],"version-history":[{"count":31,"href":"https:\/\/sbo-win.de\/index.php\/wp-json\/wp\/v2\/pages\/140\/revisions"}],"predecessor-version":[{"id":1361,"href":"https:\/\/sbo-win.de\/index.php\/wp-json\/wp\/v2\/pages\/140\/revisions\/1361"}],"wp:featuredmedia":[{"embeddable":true,"href":"https:\/\/sbo-win.de\/index.php\/wp-json\/wp\/v2\/media\/792"}],"wp:attachment":[{"href":"https:\/\/sbo-win.de\/index.php\/wp-json\/wp\/v2\/media?parent=140"}],"curies":[{"name":"wp","href":"https:\/\/api.w.org\/{rel}","templated":true}]}}