{"id":667,"date":"2022-08-14T16:37:36","date_gmt":"2022-08-14T16:37:36","guid":{"rendered":"https:\/\/goofy-shannon.5-175-28-195.plesk.page\/?page_id=667"},"modified":"2022-08-14T16:38:56","modified_gmt":"2022-08-14T16:38:56","slug":"impressum","status":"publish","type":"page","link":"https:\/\/sbo-win.de\/index.php\/impressum\/","title":{"rendered":"Impressum"},"content":{"rendered":"\n<div id=\"wp-block-themeisle-blocks-advanced-columns-2d2d1590\" class=\"wp-block-themeisle-blocks-advanced-columns has-1-columns has-desktop-equal-layout has-tablet-equal-layout has-mobile-equal-layout has-vertical-unset\"><div class=\"wp-block-themeisle-blocks-advanced-columns-overlay\"><\/div><div class=\"innerblocks-wrap\">\n<div id=\"wp-block-themeisle-blocks-advanced-column-cbd136ea\" class=\"wp-block-themeisle-blocks-advanced-column\"><\/div>\n<\/div><\/div>\n\n\n\n<div id=\"wp-block-themeisle-blocks-advanced-columns-24123fab\" class=\"wp-block-themeisle-blocks-advanced-columns has-1-columns has-desktop-oneThreeOne-layout has-tablet-equal-layout has-mobile-collapsedRows-layout has-vertical-unset\"><div class=\"wp-block-themeisle-blocks-advanced-columns-overlay\"><\/div><div class=\"innerblocks-wrap\">\n<div id=\"wp-block-themeisle-blocks-advanced-column-40db2077\" class=\"wp-block-themeisle-blocks-advanced-column\">\n<p><strong>DAS SBOW ist eine Einrichtung der Stadt Winnenden<\/strong><\/p>\n\n\n\n<h1 class=\"wp-block-heading\"><strong>Impressum<\/strong><\/h1>\n\n\n\n<p>Alle (Urheber-)Rechte an den unter www.winnenden.de ver\u00f6ffentlichten Seiten (z. B. Texte, Bilder, Grafiken, Gestaltung, Datenbankinhalte) liegen bei der Stadt Winnenden und d\u00fcrfen ohne ausdr\u00fcckliche schriftliche Genehmigung \u00fcber den privaten Gebrauch hinaus nicht verwendet werden; \u00c4nderungen d\u00fcrfen nicht vorgenommen und Vervielf\u00e4ltigungen weder verbreitet noch zu \u00f6ffentlichen Wiedergaben benutzt werden. Insbesondere ist eine kommerzielle Nutzung nicht gestattet.<br>Alle Inhalte wurden mit gr\u00f6\u00dftm\u00f6glicher Sorgfalt zusammengestellt. Trotzdem kann f\u00fcr Fehlerfreiheit, Genauigkeit und Aktualit\u00e4t der enthaltenen Informationen nicht garantiert werden. Es wird deshalb jegliche Haftung f\u00fcr evtl. Sch\u00e4den ausgeschlossen, die aus der Benutzung der Seiten entstehen k\u00f6nnte.<br>Die in die st\u00e4dt. Seiten aufgenommenen Links wurden mit gr\u00f6\u00dftm\u00f6glicher Sorgfalt zusammengestellt und werden in regelm\u00e4\u00dfigen Abst\u00e4nden (aber nur auf Bestand und generellen Informationsgehalt, jedoch nicht auf inhaltliche Details) \u00fcberpr\u00fcft, auch die Inhalte der Subdomains. Gleichwohl \u00fcbernimmt die Stadt Winnenden keine wie auch immer geartete Haftung oder Verantwortung f\u00fcr deren Inhalte oder von dort weitergehende Links. Sofern uns auf gelinkten Seiten und Subdomains rechts- und\/oder sittenwidrige Inhalte bekannt werden, wird dieser Link bzw. Inhalt sofort entfernt.<br>Die auf den gelinkten Seiten und ggf. den Subdomains unter winnenden.de wiedergegebenen Meinungs\u00e4u\u00dferungen und\/oder Tatsachenbehauptungen liegen in der alleinigen Verantwortung des jeweiligen Autors und spiegeln nicht die Meinung der Stadt Winnenden wider.<br>Wir distanzieren uns hiermit ausdr\u00fccklich von allen Inhalten aller gelinkten Seiten und Subdomains auf unserer Homepage. Dies gilt f\u00fcr alle Links, die Sie \u00fcber die st\u00e4dt. Seiten erreichen sowie alle Subdomains.<\/p>\n\n\n\n<h2 class=\"wp-block-heading\">Impressum nach \u00a7 5 TMG, \u00a7 55 RStV<\/h2>\n\n\n\n<p><em>Stadt Winnenden<br>&nbsp;<br>Torstra\u00dfe 10, 71364 Winnenden<\/em><br>eMail: rathaus@winnenden.de<br>Tel.: (<em>07195) 13-0<\/em><br>Fax: (0 71 95) 13-3 28<br><em>&nbsp;<br>Die Stadt Winnenden ist eine K\u00f6rperschaft des \u00d6ffentlichen Rechts. Sie wird vertreten durch den Oberb\u00fcrgermeister Hartmut Holzwarth.<\/em><\/p>\n\n\n\n<h2 class=\"wp-block-heading\">Zust\u00e4ndige Aufsichtsbeh\u00f6rde:<\/h2>\n\n\n\n<p><em>Der Landesbeauftragte f\u00fcr den Datenschutz Baden-W\u00fcrttemberg<br>Dr. Stefan Brink<br>K\u00f6nigstra\u00dfe 10a<br>70173 Stuttgart<\/em><\/p>\n\n\n\n<h2 class=\"wp-block-heading\">Umsatzsteuer-Identifikationsnummer gem\u00e4\u00df \u00a7 27 a Umsatzsteuergesetz: de 147216809<\/h2>\n\n\n\n<h2 class=\"wp-block-heading\">Inhaltlich Verantwortlicher nach \u00a7 55 RStV:<\/h2>\n\n\n\n<p><em>Oberb\u00fcrgermeister Hartmut Holzwarth<br>Stadt Winnenden<br>Torstra\u00dfe 10<br>71364 Winnenden<br>Telefon (0 71 95) 13-2 14<br>hartmut.holzwarth@winnenden.de<\/em><\/p>\n\n\n\n<h2 class=\"wp-block-heading\">Hinweise zur Online-Streitbeilegung:<\/h2>\n\n\n\n<p>Online-Streitbeilegung gem\u00e4\u00df Art. 14 Abs. 1 ODR-VO:<br>Die Plattform der Europ\u00e4ischen Kommission zur Online-Streitbeilegung (OS) finden Sie hier:&nbsp;<a href=\"http:\/\/ec.europa.eu\/consumers\/odr\/\">http:\/\/ec.europa.eu\/consumers\/odr\/<\/a><\/p>\n\n\n\n<p>Zur&nbsp; Teilnahme an einem Streitbeilegungsverfahren vor einer Verbraucherschlichtungsstelle sind wir nicht verpflichtet und nicht bereit.<\/p>\n\n\n\n<h2 class=\"wp-block-heading\">Konzeption<\/h2>\n\n\n\n<p>F\u00fcr die Stadt Winnenden:<br>Stadtjugendmusik- und Kunstschule Winnenden und Umgebung e.V.<\/p>\n\n\n\n<p>Mathias Mundl<\/p>\n\n\n\n<p>Schlossstra\u00dfe 24<\/p>\n\n\n\n<p>71364 Winnenden<\/p>\n\n\n\n<p>Telefon 07195-8240<\/p>\n\n\n\n<p>E-mail:&nbsp;<a href=\"mailto:info@sjmks.de\">info@sjmks.de<\/a><\/p>\n\n\n\n<p><strong>Technische Umsetzung<\/strong>:<\/p>\n\n\n\n<p>Fa. CHAD, Eichenweg 1, 71711 Murr<\/p>\n\n\n\n<p>E-Mail:&nbsp;<a href=\"mailto:dolderer@chad-service.de\">dolderer@chad-service.de<\/a><\/p>\n\n\n\n<p>Tel.: 07144 821562<\/p>\n\n\n\n<p>Fax: 07144 821561&nbsp;<\/p>\n\n\n\n<p><strong>Design<\/strong>:<\/p>\n\n\n\n<p>Dora Dietle<\/p>\n\n\n\n<p>E-Mail: <a href=\"mailto:dietle.illustration@gmail.com\">dietle.illustration@gmail.com<\/a><\/p>\n\n\n\n<h2 class=\"wp-block-heading\">Bildnachweis<\/h2>\n\n\n\n<p>Bilder, Fotos oder Grafiken, die im Internetangebot der Stadt Winnenden verwendet werden, sind grunds\u00e4tzlich urheberrechtlich gesch\u00fctzt. Die freie Verwendung der Bilder ist nicht erlaubt.<\/p>\n\n\n\n<h2 class=\"wp-block-heading\">Beh\u00f6rdliche Datenschutzbeauftragte<\/h2>\n\n\n\n<p>Issadri Str\u00f6bele<br>Hauptamt, Stadtverwaltung Winnenden<br>Torstra\u00dfe 10, 71364 Winnenden<br>Tel: 07195 13-208<br>E-Mail: datenschutz@winnenden.de<\/p>\n<\/div>\n<\/div><\/div>\n\n\n\n<div style=\"height:100px\" aria-hidden=\"true\" class=\"wp-block-spacer\"><\/div>\n","protected":false},"excerpt":{"rendered":"","protected":false},"author":1,"featured_media":570,"parent":0,"menu_order":0,"comment_status":"closed","ping_status":"closed","template":"page-templates\/template-pagebuilder-full-width.php","meta":{"neve_meta_sidebar":"","neve_meta_container":"","neve_meta_enable_content_width":"","neve_meta_content_width":0,"neve_meta_title_alignment":"","neve_meta_author_avatar":"","neve_post_elements_order":"","neve_meta_disable_header":"","neve_meta_disable_footer":"","neve_meta_disable_title":"","_themeisle_gutenberg_block_has_review":false,"footnotes":""},"class_list":["post-667","page","type-page","status-publish","has-post-thumbnail","hentry"],"yoast_head":"<!-- This site is optimized with the Yoast SEO plugin v26.8 - https:\/\/yoast.com\/product\/yoast-seo-wordpress\/ -->\n<title>Impressum - St\u00e4dtisches BlasOrchester Winnenden<\/title>\n<meta name=\"robots\" content=\"index, follow, max-snippet:-1, max-image-preview:large, max-video-preview:-1\" \/>\n<link rel=\"canonical\" href=\"https:\/\/sbo-win.de\/index.php\/impressum\/\" \/>\n<meta property=\"og:locale\" content=\"de_DE\" \/>\n<meta property=\"og:type\" content=\"article\" \/>\n<meta property=\"og:title\" content=\"Impressum - St\u00e4dtisches BlasOrchester Winnenden\" \/>\n<meta property=\"og:url\" content=\"https:\/\/sbo-win.de\/index.php\/impressum\/\" \/>\n<meta property=\"og:site_name\" content=\"St\u00e4dtisches BlasOrchester Winnenden\" \/>\n<meta property=\"article:modified_time\" content=\"2022-08-14T16:38:56+00:00\" \/>\n<meta property=\"og:image\" content=\"https:\/\/sbo-win.de\/wp-content\/uploads\/2022\/08\/DSC_2529-scaled.jpg\" \/>\n\t<meta property=\"og:image:width\" content=\"2560\" \/>\n\t<meta property=\"og:image:height\" content=\"1707\" \/>\n\t<meta property=\"og:image:type\" content=\"image\/jpeg\" \/>\n<meta name=\"twitter:card\" content=\"summary_large_image\" \/>\n<meta name=\"twitter:label1\" content=\"Gesch\u00e4tzte Lesezeit\" \/>\n\t<meta name=\"twitter:data1\" content=\"2\u00a0Minuten\" \/>\n<script type=\"application\/ld+json\" class=\"yoast-schema-graph\">{\"@context\":\"https:\/\/schema.org\",\"@graph\":[{\"@type\":\"WebPage\",\"@id\":\"https:\/\/sbo-win.de\/index.php\/impressum\/\",\"url\":\"https:\/\/sbo-win.de\/index.php\/impressum\/\",\"name\":\"Impressum - St\u00e4dtisches BlasOrchester Winnenden\",\"isPartOf\":{\"@id\":\"https:\/\/sbo-win.de\/#website\"},\"primaryImageOfPage\":{\"@id\":\"https:\/\/sbo-win.de\/index.php\/impressum\/#primaryimage\"},\"image\":{\"@id\":\"https:\/\/sbo-win.de\/index.php\/impressum\/#primaryimage\"},\"thumbnailUrl\":\"https:\/\/sbo-win.de\/wp-content\/uploads\/2022\/08\/DSC_2529-scaled.jpg\",\"datePublished\":\"2022-08-14T16:37:36+00:00\",\"dateModified\":\"2022-08-14T16:38:56+00:00\",\"breadcrumb\":{\"@id\":\"https:\/\/sbo-win.de\/index.php\/impressum\/#breadcrumb\"},\"inLanguage\":\"de\",\"potentialAction\":[{\"@type\":\"ReadAction\",\"target\":[\"https:\/\/sbo-win.de\/index.php\/impressum\/\"]}]},{\"@type\":\"ImageObject\",\"inLanguage\":\"de\",\"@id\":\"https:\/\/sbo-win.de\/index.php\/impressum\/#primaryimage\",\"url\":\"https:\/\/sbo-win.de\/wp-content\/uploads\/2022\/08\/DSC_2529-scaled.jpg\",\"contentUrl\":\"https:\/\/sbo-win.de\/wp-content\/uploads\/2022\/08\/DSC_2529-scaled.jpg\",\"width\":2560,\"height\":1707},{\"@type\":\"BreadcrumbList\",\"@id\":\"https:\/\/sbo-win.de\/index.php\/impressum\/#breadcrumb\",\"itemListElement\":[{\"@type\":\"ListItem\",\"position\":1,\"name\":\"Startseite\",\"item\":\"https:\/\/sbo-win.de\/\"},{\"@type\":\"ListItem\",\"position\":2,\"name\":\"Impressum\"}]},{\"@type\":\"WebSite\",\"@id\":\"https:\/\/sbo-win.de\/#website\",\"url\":\"https:\/\/sbo-win.de\/\",\"name\":\"St\u00e4dtisches BlasOrchester Winnenden\",\"description\":\"Alle wichtigen Informationen zu unserer Musik\",\"publisher\":{\"@id\":\"https:\/\/sbo-win.de\/#organization\"},\"potentialAction\":[{\"@type\":\"SearchAction\",\"target\":{\"@type\":\"EntryPoint\",\"urlTemplate\":\"https:\/\/sbo-win.de\/?s={search_term_string}\"},\"query-input\":{\"@type\":\"PropertyValueSpecification\",\"valueRequired\":true,\"valueName\":\"search_term_string\"}}],\"inLanguage\":\"de\"},{\"@type\":\"Organization\",\"@id\":\"https:\/\/sbo-win.de\/#organization\",\"name\":\"St\u00e4dtisches BlasOrchester Winnenden\",\"url\":\"https:\/\/sbo-win.de\/\",\"logo\":{\"@type\":\"ImageObject\",\"inLanguage\":\"de\",\"@id\":\"https:\/\/sbo-win.de\/#\/schema\/logo\/image\/\",\"url\":\"https:\/\/sbo-win.de\/wp-content\/uploads\/2022\/08\/cropped-WIN_Logo_SB_SZ_S.jpg\",\"contentUrl\":\"https:\/\/sbo-win.de\/wp-content\/uploads\/2022\/08\/cropped-WIN_Logo_SB_SZ_S.jpg\",\"width\":200,\"height\":138,\"caption\":\"St\u00e4dtisches BlasOrchester Winnenden\"},\"image\":{\"@id\":\"https:\/\/sbo-win.de\/#\/schema\/logo\/image\/\"}}]}<\/script>\n<!-- \/ Yoast SEO plugin. -->","yoast_head_json":{"title":"Impressum - St\u00e4dtisches BlasOrchester Winnenden","robots":{"index":"index","follow":"follow","max-snippet":"max-snippet:-1","max-image-preview":"max-image-preview:large","max-video-preview":"max-video-preview:-1"},"canonical":"https:\/\/sbo-win.de\/index.php\/impressum\/","og_locale":"de_DE","og_type":"article","og_title":"Impressum - St\u00e4dtisches BlasOrchester Winnenden","og_url":"https:\/\/sbo-win.de\/index.php\/impressum\/","og_site_name":"St\u00e4dtisches BlasOrchester Winnenden","article_modified_time":"2022-08-14T16:38:56+00:00","og_image":[{"width":2560,"height":1707,"url":"https:\/\/sbo-win.de\/wp-content\/uploads\/2022\/08\/DSC_2529-scaled.jpg","type":"image\/jpeg"}],"twitter_card":"summary_large_image","twitter_misc":{"Gesch\u00e4tzte Lesezeit":"2\u00a0Minuten"},"schema":{"@context":"https:\/\/schema.org","@graph":[{"@type":"WebPage","@id":"https:\/\/sbo-win.de\/index.php\/impressum\/","url":"https:\/\/sbo-win.de\/index.php\/impressum\/","name":"Impressum - St\u00e4dtisches BlasOrchester Winnenden","isPartOf":{"@id":"https:\/\/sbo-win.de\/#website"},"primaryImageOfPage":{"@id":"https:\/\/sbo-win.de\/index.php\/impressum\/#primaryimage"},"image":{"@id":"https:\/\/sbo-win.de\/index.php\/impressum\/#primaryimage"},"thumbnailUrl":"https:\/\/sbo-win.de\/wp-content\/uploads\/2022\/08\/DSC_2529-scaled.jpg","datePublished":"2022-08-14T16:37:36+00:00","dateModified":"2022-08-14T16:38:56+00:00","breadcrumb":{"@id":"https:\/\/sbo-win.de\/index.php\/impressum\/#breadcrumb"},"inLanguage":"de","potentialAction":[{"@type":"ReadAction","target":["https:\/\/sbo-win.de\/index.php\/impressum\/"]}]},{"@type":"ImageObject","inLanguage":"de","@id":"https:\/\/sbo-win.de\/index.php\/impressum\/#primaryimage","url":"https:\/\/sbo-win.de\/wp-content\/uploads\/2022\/08\/DSC_2529-scaled.jpg","contentUrl":"https:\/\/sbo-win.de\/wp-content\/uploads\/2022\/08\/DSC_2529-scaled.jpg","width":2560,"height":1707},{"@type":"BreadcrumbList","@id":"https:\/\/sbo-win.de\/index.php\/impressum\/#breadcrumb","itemListElement":[{"@type":"ListItem","position":1,"name":"Startseite","item":"https:\/\/sbo-win.de\/"},{"@type":"ListItem","position":2,"name":"Impressum"}]},{"@type":"WebSite","@id":"https:\/\/sbo-win.de\/#website","url":"https:\/\/sbo-win.de\/","name":"St\u00e4dtisches BlasOrchester Winnenden","description":"Alle wichtigen Informationen zu unserer Musik","publisher":{"@id":"https:\/\/sbo-win.de\/#organization"},"potentialAction":[{"@type":"SearchAction","target":{"@type":"EntryPoint","urlTemplate":"https:\/\/sbo-win.de\/?s={search_term_string}"},"query-input":{"@type":"PropertyValueSpecification","valueRequired":true,"valueName":"search_term_string"}}],"inLanguage":"de"},{"@type":"Organization","@id":"https:\/\/sbo-win.de\/#organization","name":"St\u00e4dtisches BlasOrchester Winnenden","url":"https:\/\/sbo-win.de\/","logo":{"@type":"ImageObject","inLanguage":"de","@id":"https:\/\/sbo-win.de\/#\/schema\/logo\/image\/","url":"https:\/\/sbo-win.de\/wp-content\/uploads\/2022\/08\/cropped-WIN_Logo_SB_SZ_S.jpg","contentUrl":"https:\/\/sbo-win.de\/wp-content\/uploads\/2022\/08\/cropped-WIN_Logo_SB_SZ_S.jpg","width":200,"height":138,"caption":"St\u00e4dtisches BlasOrchester Winnenden"},"image":{"@id":"https:\/\/sbo-win.de\/#\/schema\/logo\/image\/"}}]}},"_links":{"self":[{"href":"https:\/\/sbo-win.de\/index.php\/wp-json\/wp\/v2\/pages\/667","targetHints":{"allow":["GET"]}}],"collection":[{"href":"https:\/\/sbo-win.de\/index.php\/wp-json\/wp\/v2\/pages"}],"about":[{"href":"https:\/\/sbo-win.de\/index.php\/wp-json\/wp\/v2\/types\/page"}],"author":[{"embeddable":true,"href":"https:\/\/sbo-win.de\/index.php\/wp-json\/wp\/v2\/users\/1"}],"replies":[{"embeddable":true,"href":"https:\/\/sbo-win.de\/index.php\/wp-json\/wp\/v2\/comments?post=667"}],"version-history":[{"count":3,"href":"https:\/\/sbo-win.de\/index.php\/wp-json\/wp\/v2\/pages\/667\/revisions"}],"predecessor-version":[{"id":819,"href":"https:\/\/sbo-win.de\/index.php\/wp-json\/wp\/v2\/pages\/667\/revisions\/819"}],"wp:featuredmedia":[{"embeddable":true,"href":"https:\/\/sbo-win.de\/index.php\/wp-json\/wp\/v2\/media\/570"}],"wp:attachment":[{"href":"https:\/\/sbo-win.de\/index.php\/wp-json\/wp\/v2\/media?parent=667"}],"curies":[{"name":"wp","href":"https:\/\/api.w.org\/{rel}","templated":true}]}}